{"id":354,"date":"2014-08-04T09:54:36","date_gmt":"2014-08-04T09:54:36","guid":{"rendered":"http:\/\/hotelprincesakristina.com\/covarrubias"},"modified":"2014-09-08T15:03:16","modified_gmt":"2014-09-08T15:03:16","slug":"covarrubias","status":"publish","type":"page","link":"https:\/\/hotelprincesakristina.com\/?page_id=354&amp;lang=en","title":{"rendered":"Covarrubias"},"content":{"rendered":"<h4>A beautiful and traditional Middle Age Village. The Villa was an important place in the Castilian Middle Age life which was mentioned in numerous old traditional songs and popular stories.<\/h4>\n<p><a href=\"http:\/\/hotelprincesakristina.com\/wp-content\/uploads\/2013\/10\/Mad_466097913-34579_cova-vistagral001.jpg\"><img decoding=\"async\" loading=\"lazy\" class=\"alignright wp-image-253\" src=\"http:\/\/hotelprincesakristina.com\/wp-content\/uploads\/2013\/10\/Mad_466097913-34579_cova-vistagral001.jpg\" alt=\"Mad_466097913-34579_cova-vistagral001\" width=\"463\" height=\"347\" srcset=\"https:\/\/hotelprincesakristina.com\/wp-content\/uploads\/2013\/10\/Mad_466097913-34579_cova-vistagral001.jpg 960w, https:\/\/hotelprincesakristina.com\/wp-content\/uploads\/2013\/10\/Mad_466097913-34579_cova-vistagral001-300x225.jpg 300w, https:\/\/hotelprincesakristina.com\/wp-content\/uploads\/2013\/10\/Mad_466097913-34579_cova-vistagral001-100x75.jpg 100w\" sizes=\"(max-width: 463px) 100vw, 463px\" \/><\/a><\/p>\n<p><strong>Count Fern\u00e1n Gonz\u00e1lez<\/strong>, his son Garci Fern\u00e1ndez, his granddaughter Do\u00f1a Urraca, brave opponents like Almanzor, Abd al-Rhaman III and many others, filled pages and pages of the Covarrubias Chronicles.<\/p>\n<p><strong>Covarrubias<\/strong> played a key role in the Reconquista and the foundation of Condado de Castilla.<\/p>\n<p>Surrounded by the <strong>Arlanza River<\/strong>, has kept its physiognomy, limited by the river and the hills, as well as the traditional architecture, which is remarkable for the \u201cadobe\u201d (cooked mud and straw brick) construction among visible wood beams that provides a special beauty and strength. Moreover, dark colour dyed juniper wood used in the construction gives off a warm ambient and fantastic fragrances.<\/p>\n<p>Among the most exceptional buildings we can find the <strong>Plaza Mayor<\/strong> with its numerous dwellings of great beauty, the strikingly well preserved<strong> Torre\u00f3n de Due\u00f1a Urraca<\/strong> \u00a0(a medieval construction of great size), the village entry arch (jail arch), and many others are the main buildings of Covarrubias.<\/p>\n<p>It is also worth mentiong the <strong>San Pedro de Arlanza Monastery<\/strong> located close by to Covarrubias, which is dated in the origins of Castilla and where the independence of Castilla from the Le\u00f3n Kingdom was planned.<\/p>\n\n\t\t<div id='gallery-1' class='gallery galleryid-354 gallery-columns-4 gallery-size-thumbnail'><dl class='gallery-item'><dt class='gallery-icon'><a href=\"https:\/\/hotelprincesakristina.com\/wp-content\/uploads\/2013\/10\/COVA_panorama.jpg\" rel=\"prettyPhoto[gallery-1]\" title=\"COVA_panorama\"><img src=\"https:\/\/hotelprincesakristina.com\/wp-content\/uploads\/2013\/10\/COVA_panorama-450x300.jpg\" alt=\"\" \/><\/a><\/dt><\/dl><dl class='gallery-item'><dt class='gallery-icon'><a href=\"https:\/\/hotelprincesakristina.com\/wp-content\/uploads\/2013\/10\/Mad_466097913-34579_cova-vistadesdemanto002.jpg\" rel=\"prettyPhoto[gallery-1]\" title=\"Mad_466097913-34579_cova-vistadesdemanto002\"><img src=\"https:\/\/hotelprincesakristina.com\/wp-content\/uploads\/2013\/10\/Mad_466097913-34579_cova-vistadesdemanto002-450x300.jpg\" alt=\"\" \/><\/a><\/dt><\/dl><dl class='gallery-item'><dt class='gallery-icon'><a href=\"https:\/\/hotelprincesakristina.com\/wp-content\/uploads\/2013\/10\/Mad_466097913-34081__DSC9583.jpg\" rel=\"prettyPhoto[gallery-1]\" title=\"Mad_466097913-34081__DSC9583\"><img src=\"https:\/\/hotelprincesakristina.com\/wp-content\/uploads\/2013\/10\/Mad_466097913-34081__DSC9583-450x300.jpg\" alt=\"\" \/><\/a><\/dt><\/dl><dl class='gallery-item'><dt class='gallery-icon'><a href=\"https:\/\/hotelprincesakristina.com\/wp-content\/uploads\/2013\/10\/Mad_466097913-34081__DSC9585.jpg\" rel=\"prettyPhoto[gallery-1]\" title=\"Mad_466097913-34081__DSC9585\"><img src=\"https:\/\/hotelprincesakristina.com\/wp-content\/uploads\/2013\/10\/Mad_466097913-34081__DSC9585-450x300.jpg\" alt=\"\" \/><\/a><\/dt><\/dl><dl class='gallery-item'><dt class='gallery-icon'><a href=\"https:\/\/hotelprincesakristina.com\/wp-content\/uploads\/2013\/10\/Mad_466097913-34081__DSC9567.jpg\" rel=\"prettyPhoto[gallery-1]\" title=\"Mad_466097913-34081__DSC9567\"><img src=\"https:\/\/hotelprincesakristina.com\/wp-content\/uploads\/2013\/10\/Mad_466097913-34081__DSC9567-450x300.jpg\" alt=\"\" \/><\/a><\/dt><\/dl><dl class='gallery-item'><dt class='gallery-icon'><a href=\"https:\/\/hotelprincesakristina.com\/wp-content\/uploads\/2013\/10\/Mad_466097913-34081__DSC9564.jpg\" rel=\"prettyPhoto[gallery-1]\" title=\"Mad_466097913-34081__DSC9564\"><img src=\"https:\/\/hotelprincesakristina.com\/wp-content\/uploads\/2013\/10\/Mad_466097913-34081__DSC9564-450x300.jpg\" alt=\"\" \/><\/a><\/dt><\/dl><dl class='gallery-item'><dt class='gallery-icon'><a href=\"https:\/\/hotelprincesakristina.com\/wp-content\/uploads\/2013\/10\/Mad_466097913-34081__DSC9532.jpg\" rel=\"prettyPhoto[gallery-1]\" title=\"Mad_466097913-34081__DSC9532\"><img src=\"https:\/\/hotelprincesakristina.com\/wp-content\/uploads\/2013\/10\/Mad_466097913-34081__DSC9532-450x300.jpg\" alt=\"\" \/><\/a><\/dt><\/dl><dl class='gallery-item'><dt class='gallery-icon'><a href=\"https:\/\/hotelprincesakristina.com\/wp-content\/uploads\/2013\/10\/Mad_466097913-34081__DSC9535.jpg\" rel=\"prettyPhoto[gallery-1]\" title=\"Mad_466097913-34081__DSC9535\"><img src=\"https:\/\/hotelprincesakristina.com\/wp-content\/uploads\/2013\/10\/Mad_466097913-34081__DSC9535-450x300.jpg\" alt=\"\" \/><\/a><\/dt><\/dl><dl class='gallery-item'><dt class='gallery-icon'><a href=\"https:\/\/hotelprincesakristina.com\/wp-content\/uploads\/2013\/10\/Mad_466097913-34081__DSC9554.jpg\" rel=\"prettyPhoto[gallery-1]\" title=\"Mad_466097913-34081__DSC9554\"><img src=\"https:\/\/hotelprincesakristina.com\/wp-content\/uploads\/2013\/10\/Mad_466097913-34081__DSC9554-450x300.jpg\" alt=\"\" \/><\/a><\/dt><\/dl><dl class='gallery-item'><dt class='gallery-icon'><a href=\"https:\/\/hotelprincesakristina.com\/wp-content\/uploads\/2013\/10\/Mad_466097913-34081__DSC9529.jpg\" rel=\"prettyPhoto[gallery-1]\" title=\"Mad_466097913-34081__DSC9529\"><img src=\"https:\/\/hotelprincesakristina.com\/wp-content\/uploads\/2013\/10\/Mad_466097913-34081__DSC9529-450x300.jpg\" alt=\"\" \/><\/a><\/dt><\/dl><dl class='gallery-item'><dt class='gallery-icon'><a href=\"https:\/\/hotelprincesakristina.com\/wp-content\/uploads\/2013\/10\/Mad_466097913-34081__DSC9522.jpg\" rel=\"prettyPhoto[gallery-1]\" title=\"Mad_466097913-34081__DSC9522\"><img src=\"https:\/\/hotelprincesakristina.com\/wp-content\/uploads\/2013\/10\/Mad_466097913-34081__DSC9522-450x300.jpg\" alt=\"\" \/><\/a><\/dt><\/dl><dl class='gallery-item'><dt class='gallery-icon'><a href=\"https:\/\/hotelprincesakristina.com\/wp-content\/uploads\/2013\/10\/Mad_466097913-34081__DSC9520.jpg\" rel=\"prettyPhoto[gallery-1]\" title=\"Mad_466097913-34081__DSC9520\"><img src=\"https:\/\/hotelprincesakristina.com\/wp-content\/uploads\/2013\/10\/Mad_466097913-34081__DSC9520-450x300.jpg\" alt=\"\" \/><\/a><\/dt><\/dl><dl class='gallery-item'><dt class='gallery-icon'><a href=\"https:\/\/hotelprincesakristina.com\/wp-content\/uploads\/2013\/10\/COVA_estrellas.jpg\" rel=\"prettyPhoto[gallery-1]\" title=\"COVA_estrellas\"><img src=\"https:\/\/hotelprincesakristina.com\/wp-content\/uploads\/2013\/10\/COVA_estrellas-450x300.jpg\" alt=\"\" \/><\/a><\/dt><\/dl><dl class='gallery-item'><dt class='gallery-icon'><a href=\"https:\/\/hotelprincesakristina.com\/wp-content\/uploads\/2013\/10\/COVA_plaza.jpg\" rel=\"prettyPhoto[gallery-1]\" title=\"COVA_plaza\"><img src=\"https:\/\/hotelprincesakristina.com\/wp-content\/uploads\/2013\/10\/COVA_plaza-450x300.jpg\" alt=\"\" \/><\/a><\/dt><\/dl><dl class='gallery-item'><dt class='gallery-icon'><a href=\"https:\/\/hotelprincesakristina.com\/wp-content\/uploads\/2013\/10\/COVA_arco.jpg\" rel=\"prettyPhoto[gallery-1]\" title=\"COVA_arco\"><img src=\"https:\/\/hotelprincesakristina.com\/wp-content\/uploads\/2013\/10\/COVA_arco-450x300.jpg\" alt=\"\" \/><\/a><\/dt><\/dl><dl class='gallery-item'><dt class='gallery-icon'><a href=\"https:\/\/hotelprincesakristina.com\/wp-content\/uploads\/2013\/10\/COVA_noche.jpg\" rel=\"prettyPhoto[gallery-1]\" title=\"COVA_noche\"><img src=\"https:\/\/hotelprincesakristina.com\/wp-content\/uploads\/2013\/10\/COVA_noche-450x300.jpg\" alt=\"\" \/><\/a><\/dt><\/dl><dl class='gallery-item'><dt class='gallery-icon'><a href=\"https:\/\/hotelprincesakristina.com\/wp-content\/uploads\/2013\/10\/COVA_flores.jpg\" rel=\"prettyPhoto[gallery-1]\" title=\"COVA_flores\"><img src=\"https:\/\/hotelprincesakristina.com\/wp-content\/uploads\/2013\/10\/COVA_flores-450x300.jpg\" alt=\"\" \/><\/a><\/dt><\/dl><dl class='gallery-item'><dt class='gallery-icon'><a href=\"https:\/\/hotelprincesakristina.com\/wp-content\/uploads\/2013\/10\/COVA_ermita_mamblas.jpg\" rel=\"prettyPhoto[gallery-1]\" title=\"COVA_ermita_mamblas\"><img src=\"https:\/\/hotelprincesakristina.com\/wp-content\/uploads\/2013\/10\/COVA_ermita_mamblas-450x300.jpg\" alt=\"\" \/><\/a><\/dt><\/dl><dl class='gallery-item'><dt class='gallery-icon'><a href=\"https:\/\/hotelprincesakristina.com\/wp-content\/uploads\/2013\/10\/COVA_vencejo.jpg\" rel=\"prettyPhoto[gallery-1]\" title=\"COVA_vencejo\"><img src=\"https:\/\/hotelprincesakristina.com\/wp-content\/uploads\/2013\/10\/COVA_vencejo-450x300.jpg\" alt=\"\" \/><\/a><\/dt><\/dl><dl class='gallery-item'><dt class='gallery-icon'><a href=\"https:\/\/hotelprincesakristina.com\/wp-content\/uploads\/2013\/10\/COVA_castillejo.jpg\" rel=\"prettyPhoto[gallery-1]\" title=\"COVA_castillejo\"><img src=\"https:\/\/hotelprincesakristina.com\/wp-content\/uploads\/2013\/10\/COVA_castillejo-450x300.jpg\" alt=\"\" \/><\/a><\/dt><\/dl>\n\t\t\t<br style='clear: both;' \/>\n\t\t<\/div>\n\n","protected":false},"excerpt":{"rendered":"<p>A beautiful and traditional Middle Age Village. The Villa was an important place in the Castilian Middle Age life which was mentioned in numerous old traditional songs and popular stories. Count Fern\u00e1n Gonz\u00e1lez, his son Garci Fern\u00e1ndez, his granddaughter Do\u00f1a Urraca, brave opponents like Almanzor, Abd al-Rhaman III and many others, filled pages and pages<\/p>\n","protected":false},"author":1,"featured_media":0,"parent":0,"menu_order":0,"comment_status":"open","ping_status":"open","template":"page-templates\/template-full-width.php","meta":[],"_links":{"self":[{"href":"https:\/\/hotelprincesakristina.com\/index.php?rest_route=\/wp\/v2\/pages\/354"}],"collection":[{"href":"https:\/\/hotelprincesakristina.com\/index.php?rest_route=\/wp\/v2\/pages"}],"about":[{"href":"https:\/\/hotelprincesakristina.com\/index.php?rest_route=\/wp\/v2\/types\/page"}],"author":[{"embeddable":true,"href":"https:\/\/hotelprincesakristina.com\/index.php?rest_route=\/wp\/v2\/users\/1"}],"replies":[{"embeddable":true,"href":"https:\/\/hotelprincesakristina.com\/index.php?rest_route=%2Fwp%2Fv2%2Fcomments&post=354"}],"version-history":[{"count":3,"href":"https:\/\/hotelprincesakristina.com\/index.php?rest_route=\/wp\/v2\/pages\/354\/revisions"}],"predecessor-version":[{"id":410,"href":"https:\/\/hotelprincesakristina.com\/index.php?rest_route=\/wp\/v2\/pages\/354\/revisions\/410"}],"wp:attachment":[{"href":"https:\/\/hotelprincesakristina.com\/index.php?rest_route=%2Fwp%2Fv2%2Fmedia&parent=354"}],"curies":[{"name":"wp","href":"https:\/\/api.w.org\/{rel}","templated":true}]}}