{"id":21,"date":"2013-10-24T07:22:37","date_gmt":"2013-10-24T07:22:37","guid":{"rendered":"http:\/\/hotelprincesakristina.com\/el-hotel"},"modified":"2019-01-07T14:26:12","modified_gmt":"2019-01-07T14:26:12","slug":"el-hotel","status":"publish","type":"page","link":"http:\/\/hotelprincesakristina.com\/?page_id=21","title":{"rendered":"El Hotel"},"content":{"rendered":"<h1>Hotel Princesa Kristina<\/h1>\n<p>Ubicado en pleno centro hist\u00f3rico de <strong>Covarrubias<\/strong>, el <strong>Hotel Rural Princesa Kristina<\/strong> ocupa una excelente construcci\u00f3n del siglo XIX, rehabilitada en 2014, y cuenta con nueve\u00a0habitaciones, ocho\u00a0de ellas dobles,\u00a0dos con cama de matrimonio y una habitaci\u00f3n individual, todas con ba\u00f1o de gran calidad, una moderna cocina de gran capacidad y un extraordinario sal\u00f3n de grandes dimensiones, zona de lectura y TV y amplio comedor. Todo en confortables acabados de madera y gres r\u00fastico.<\/p>\n<p>&nbsp;<\/p>\n<p><a href=\"http:\/\/hotelprincesakristina.com\/wp-content\/uploads\/2014\/06\/DSC5473.jpg\"><img decoding=\"async\" loading=\"lazy\" width=\"1200\" height=\"797\" class=\"alignnone size-full wp-image-140\" src=\"http:\/\/hotelprincesakristina.com\/wp-content\/uploads\/2014\/06\/DSC5473.jpg\" alt=\"_DSC5473\" srcset=\"http:\/\/hotelprincesakristina.com\/wp-content\/uploads\/2014\/06\/DSC5473.jpg 1200w, http:\/\/hotelprincesakristina.com\/wp-content\/uploads\/2014\/06\/DSC5473-300x199.jpg 300w, http:\/\/hotelprincesakristina.com\/wp-content\/uploads\/2014\/06\/DSC5473-1024x680.jpg 1024w, http:\/\/hotelprincesakristina.com\/wp-content\/uploads\/2014\/06\/DSC5473-100x66.jpg 100w, http:\/\/hotelprincesakristina.com\/wp-content\/uploads\/2014\/06\/DSC5473-330x220.jpg 330w, http:\/\/hotelprincesakristina.com\/wp-content\/uploads\/2014\/06\/DSC5473-450x300.jpg 450w\" sizes=\"(max-width: 1200px) 100vw, 1200px\" \/><\/a><\/p>\n<p>&nbsp;<\/p>\n<h3>Un lugar que ha sido ideado para su tranquilidad.<\/h3>\n<p>&nbsp;<\/p>\n\n\t\t<div id='gallery-1' class='gallery galleryid-21 gallery-columns-3 gallery-size-thumbnail'><dl class='gallery-item'><dt class='gallery-icon'><a href=\"http:\/\/hotelprincesakristina.com\/wp-content\/uploads\/2013\/10\/DSC5302.jpg\" rel=\"prettyPhoto[gallery-1]\" title=\"_DSC5302\"><img src=\"http:\/\/hotelprincesakristina.com\/wp-content\/uploads\/2013\/10\/DSC5302-450x300.jpg\" alt=\"\" \/><\/a><\/dt><\/dl><dl class='gallery-item'><dt class='gallery-icon'><a href=\"http:\/\/hotelprincesakristina.com\/wp-content\/uploads\/2013\/10\/DSC5312.jpg\" rel=\"prettyPhoto[gallery-1]\" title=\"_DSC5312\"><img src=\"http:\/\/hotelprincesakristina.com\/wp-content\/uploads\/2013\/10\/DSC5312-450x300.jpg\" alt=\"\" \/><\/a><\/dt><\/dl><dl class='gallery-item'><dt class='gallery-icon'><a href=\"http:\/\/hotelprincesakristina.com\/wp-content\/uploads\/2013\/10\/DSC5322.jpg\" rel=\"prettyPhoto[gallery-1]\" title=\"_DSC5322\"><img src=\"http:\/\/hotelprincesakristina.com\/wp-content\/uploads\/2013\/10\/DSC5322-450x300.jpg\" alt=\"\" \/><\/a><\/dt><\/dl><dl class='gallery-item'><dt class='gallery-icon'><a href=\"http:\/\/hotelprincesakristina.com\/wp-content\/uploads\/2013\/10\/DSC5324.jpg\" rel=\"prettyPhoto[gallery-1]\" title=\"_DSC5324\"><img src=\"http:\/\/hotelprincesakristina.com\/wp-content\/uploads\/2013\/10\/DSC5324-450x300.jpg\" alt=\"\" \/><\/a><\/dt><\/dl><dl class='gallery-item'><dt class='gallery-icon'><a href=\"http:\/\/hotelprincesakristina.com\/wp-content\/uploads\/2013\/10\/DSC5325.jpg\" rel=\"prettyPhoto[gallery-1]\" title=\"_DSC5325\"><img src=\"http:\/\/hotelprincesakristina.com\/wp-content\/uploads\/2013\/10\/DSC5325-450x300.jpg\" alt=\"\" \/><\/a><\/dt><\/dl><dl class='gallery-item'><dt class='gallery-icon'><a href=\"http:\/\/hotelprincesakristina.com\/wp-content\/uploads\/2013\/10\/DSC5329.jpg\" rel=\"prettyPhoto[gallery-1]\" title=\"_DSC5329\"><img src=\"http:\/\/hotelprincesakristina.com\/wp-content\/uploads\/2013\/10\/DSC5329-450x300.jpg\" alt=\"\" \/><\/a><\/dt><\/dl><dl class='gallery-item'><dt class='gallery-icon'><a href=\"http:\/\/hotelprincesakristina.com\/wp-content\/uploads\/2013\/10\/DSC5334.jpg\" rel=\"prettyPhoto[gallery-1]\" title=\"_DSC5334\"><img src=\"http:\/\/hotelprincesakristina.com\/wp-content\/uploads\/2013\/10\/DSC5334-450x300.jpg\" alt=\"\" \/><\/a><\/dt><\/dl><dl class='gallery-item'><dt class='gallery-icon'><a href=\"http:\/\/hotelprincesakristina.com\/wp-content\/uploads\/2013\/10\/DSC5340.jpg\" rel=\"prettyPhoto[gallery-1]\" title=\"_DSC5340\"><img src=\"http:\/\/hotelprincesakristina.com\/wp-content\/uploads\/2013\/10\/DSC5340-450x300.jpg\" alt=\"\" \/><\/a><\/dt><\/dl><dl class='gallery-item'><dt class='gallery-icon'><a href=\"http:\/\/hotelprincesakristina.com\/wp-content\/uploads\/2013\/10\/DSC5342.jpg\" rel=\"prettyPhoto[gallery-1]\" title=\"_DSC5342\"><img src=\"http:\/\/hotelprincesakristina.com\/wp-content\/uploads\/2013\/10\/DSC5342-450x300.jpg\" alt=\"\" \/><\/a><\/dt><\/dl><dl class='gallery-item'><dt class='gallery-icon'><a href=\"http:\/\/hotelprincesakristina.com\/wp-content\/uploads\/2013\/10\/DSC5346.jpg\" rel=\"prettyPhoto[gallery-1]\" title=\"_DSC5346\"><img src=\"http:\/\/hotelprincesakristina.com\/wp-content\/uploads\/2013\/10\/DSC5346-450x300.jpg\" alt=\"\" \/><\/a><\/dt><\/dl><dl class='gallery-item'><dt class='gallery-icon'><a href=\"http:\/\/hotelprincesakristina.com\/wp-content\/uploads\/2013\/10\/DSC5369.jpg\" rel=\"prettyPhoto[gallery-1]\" title=\"_DSC5369\"><img src=\"http:\/\/hotelprincesakristina.com\/wp-content\/uploads\/2013\/10\/DSC5369-450x300.jpg\" alt=\"\" \/><\/a><\/dt><\/dl><dl class='gallery-item'><dt class='gallery-icon'><a href=\"http:\/\/hotelprincesakristina.com\/wp-content\/uploads\/2013\/10\/DSC5371.jpg\" rel=\"prettyPhoto[gallery-1]\" title=\"_DSC5371\"><img src=\"http:\/\/hotelprincesakristina.com\/wp-content\/uploads\/2013\/10\/DSC5371-450x300.jpg\" alt=\"\" \/><\/a><\/dt><\/dl><dl class='gallery-item'><dt class='gallery-icon'><a href=\"http:\/\/hotelprincesakristina.com\/wp-content\/uploads\/2013\/10\/DSC5373.jpg\" rel=\"prettyPhoto[gallery-1]\" title=\"_DSC5373\"><img src=\"http:\/\/hotelprincesakristina.com\/wp-content\/uploads\/2013\/10\/DSC5373-450x300.jpg\" alt=\"\" \/><\/a><\/dt><\/dl><dl class='gallery-item'><dt class='gallery-icon'><a href=\"http:\/\/hotelprincesakristina.com\/wp-content\/uploads\/2013\/10\/DSC5387.jpg\" rel=\"prettyPhoto[gallery-1]\" title=\"_DSC5387\"><img src=\"http:\/\/hotelprincesakristina.com\/wp-content\/uploads\/2013\/10\/DSC5387-450x300.jpg\" alt=\"\" \/><\/a><\/dt><\/dl><dl class='gallery-item'><dt class='gallery-icon'><a href=\"http:\/\/hotelprincesakristina.com\/wp-content\/uploads\/2013\/10\/DSC5376.jpg\" rel=\"prettyPhoto[gallery-1]\" title=\"_DSC5376\"><img src=\"http:\/\/hotelprincesakristina.com\/wp-content\/uploads\/2013\/10\/DSC5376-450x300.jpg\" alt=\"\" \/><\/a><\/dt><\/dl><dl class='gallery-item'><dt class='gallery-icon'><a href=\"http:\/\/hotelprincesakristina.com\/wp-content\/uploads\/2013\/10\/DSC5377.jpg\" rel=\"prettyPhoto[gallery-1]\" title=\"_DSC5377\"><img src=\"http:\/\/hotelprincesakristina.com\/wp-content\/uploads\/2013\/10\/DSC5377-450x300.jpg\" alt=\"\" \/><\/a><\/dt><\/dl><dl class='gallery-item'><dt class='gallery-icon'><a href=\"http:\/\/hotelprincesakristina.com\/wp-content\/uploads\/2013\/10\/DSC5382.jpg\" rel=\"prettyPhoto[gallery-1]\" title=\"_DSC5382\"><img src=\"http:\/\/hotelprincesakristina.com\/wp-content\/uploads\/2013\/10\/DSC5382-450x300.jpg\" alt=\"\" \/><\/a><\/dt><\/dl><dl class='gallery-item'><dt class='gallery-icon'><a href=\"http:\/\/hotelprincesakristina.com\/wp-content\/uploads\/2013\/10\/DSC5383.jpg\" rel=\"prettyPhoto[gallery-1]\" title=\"_DSC5383\"><img src=\"http:\/\/hotelprincesakristina.com\/wp-content\/uploads\/2013\/10\/DSC5383-450x300.jpg\" alt=\"\" \/><\/a><\/dt><\/dl>\n\t\t\t<br style='clear: both;' \/>\n\t\t<\/div>\n\n","protected":false},"excerpt":{"rendered":"<p>Hotel Princesa Kristina Ubicado en pleno centro hist\u00f3rico de Covarrubias, el Hotel Rural Princesa Kristina ocupa una excelente construcci\u00f3n del siglo XIX, rehabilitada en 2014, y cuenta con nueve\u00a0habitaciones, ocho\u00a0de ellas dobles,\u00a0dos con cama de matrimonio y una habitaci\u00f3n individual, todas con ba\u00f1o de gran calidad, una moderna cocina de gran capacidad y un extraordinario<\/p>\n","protected":false},"author":1,"featured_media":0,"parent":0,"menu_order":0,"comment_status":"open","ping_status":"open","template":"page-templates\/template-full-width.php","meta":[],"_links":{"self":[{"href":"http:\/\/hotelprincesakristina.com\/index.php?rest_route=\/wp\/v2\/pages\/21"}],"collection":[{"href":"http:\/\/hotelprincesakristina.com\/index.php?rest_route=\/wp\/v2\/pages"}],"about":[{"href":"http:\/\/hotelprincesakristina.com\/index.php?rest_route=\/wp\/v2\/types\/page"}],"author":[{"embeddable":true,"href":"http:\/\/hotelprincesakristina.com\/index.php?rest_route=\/wp\/v2\/users\/1"}],"replies":[{"embeddable":true,"href":"http:\/\/hotelprincesakristina.com\/index.php?rest_route=%2Fwp%2Fv2%2Fcomments&post=21"}],"version-history":[{"count":14,"href":"http:\/\/hotelprincesakristina.com\/index.php?rest_route=\/wp\/v2\/pages\/21\/revisions"}],"predecessor-version":[{"id":632,"href":"http:\/\/hotelprincesakristina.com\/index.php?rest_route=\/wp\/v2\/pages\/21\/revisions\/632"}],"wp:attachment":[{"href":"http:\/\/hotelprincesakristina.com\/index.php?rest_route=%2Fwp%2Fv2%2Fmedia&parent=21"}],"curies":[{"name":"wp","href":"https:\/\/api.w.org\/{rel}","templated":true}]}}