{"id":2,"date":"2014-06-08T17:26:14","date_gmt":"2014-06-08T17:26:14","guid":{"rendered":"http:\/\/hotelprincesakristina.com\/espacios-comunes"},"modified":"2019-01-07T14:27:03","modified_gmt":"2019-01-07T14:27:03","slug":"espacios-comunes","status":"publish","type":"page","link":"http:\/\/hotelprincesakristina.com\/?page_id=2","title":{"rendered":"Espacios comunes"},"content":{"rendered":"<p>El Hotel Princesa Kristina, dispone de\u00a0un <strong>g<\/strong><span style=\"color: #000000;\"><strong>ran sal\u00f3n con distintos ambientes<\/strong>, TV panor\u00e1mica, sala de lectura y zona comedor.<\/span><\/p>\n<p>El acceso al Hotel se realiza por el portal\u00f3n de entrada, amplio y luminoso, donde se ofrece al hu\u00e9sped informaci\u00f3n tur\u00edstica sobre el entorno.<\/p>\n\n\t\t<div id='gallery-1' class='gallery galleryid-2 gallery-columns-4 gallery-size-thumbnail'><dl class='gallery-item'><dt class='gallery-icon'><a href=\"http:\/\/hotelprincesakristina.com\/wp-content\/uploads\/2013\/10\/DSC5383.jpg\" rel=\"prettyPhoto[gallery-1]\" title=\"_DSC5383\"><img src=\"http:\/\/hotelprincesakristina.com\/wp-content\/uploads\/2013\/10\/DSC5383-450x300.jpg\" alt=\"\" \/><\/a><\/dt><\/dl><dl class='gallery-item'><dt class='gallery-icon'><a href=\"http:\/\/hotelprincesakristina.com\/wp-content\/uploads\/2013\/10\/DSC5381.jpg\" rel=\"prettyPhoto[gallery-1]\" title=\"_DSC5381\"><img src=\"http:\/\/hotelprincesakristina.com\/wp-content\/uploads\/2013\/10\/DSC5381-450x300.jpg\" alt=\"\" \/><\/a><\/dt><\/dl><dl class='gallery-item'><dt class='gallery-icon'><a href=\"http:\/\/hotelprincesakristina.com\/wp-content\/uploads\/2013\/10\/DSC5377.jpg\" rel=\"prettyPhoto[gallery-1]\" title=\"_DSC5377\"><img src=\"http:\/\/hotelprincesakristina.com\/wp-content\/uploads\/2013\/10\/DSC5377-450x300.jpg\" alt=\"\" \/><\/a><\/dt><\/dl><dl class='gallery-item'><dt class='gallery-icon'><a href=\"http:\/\/hotelprincesakristina.com\/wp-content\/uploads\/2013\/10\/DSC5376.jpg\" rel=\"prettyPhoto[gallery-1]\" title=\"_DSC5376\"><img src=\"http:\/\/hotelprincesakristina.com\/wp-content\/uploads\/2013\/10\/DSC5376-450x300.jpg\" alt=\"\" \/><\/a><\/dt><\/dl><dl class='gallery-item'><dt class='gallery-icon'><a href=\"http:\/\/hotelprincesakristina.com\/wp-content\/uploads\/2013\/10\/DSC5375.jpg\" rel=\"prettyPhoto[gallery-1]\" title=\"_DSC5375\"><img src=\"http:\/\/hotelprincesakristina.com\/wp-content\/uploads\/2013\/10\/DSC5375-450x300.jpg\" alt=\"\" \/><\/a><\/dt><\/dl><dl class='gallery-item'><dt class='gallery-icon'><a href=\"http:\/\/hotelprincesakristina.com\/wp-content\/uploads\/2013\/10\/DSC5373.jpg\" rel=\"prettyPhoto[gallery-1]\" title=\"_DSC5373\"><img src=\"http:\/\/hotelprincesakristina.com\/wp-content\/uploads\/2013\/10\/DSC5373-450x300.jpg\" alt=\"\" \/><\/a><\/dt><\/dl><dl class='gallery-item'><dt class='gallery-icon'><a href=\"http:\/\/hotelprincesakristina.com\/wp-content\/uploads\/2013\/10\/DSC5369.jpg\" rel=\"prettyPhoto[gallery-1]\" title=\"_DSC5369\"><img src=\"http:\/\/hotelprincesakristina.com\/wp-content\/uploads\/2013\/10\/DSC5369-450x300.jpg\" alt=\"\" \/><\/a><\/dt><\/dl><dl class='gallery-item'><dt class='gallery-icon'><a href=\"http:\/\/hotelprincesakristina.com\/wp-content\/uploads\/2013\/10\/DSC5324.jpg\" rel=\"prettyPhoto[gallery-1]\" title=\"_DSC5324\"><img src=\"http:\/\/hotelprincesakristina.com\/wp-content\/uploads\/2013\/10\/DSC5324-450x300.jpg\" alt=\"\" \/><\/a><\/dt><\/dl><dl class='gallery-item'><dt class='gallery-icon'><a href=\"http:\/\/hotelprincesakristina.com\/wp-content\/uploads\/2013\/10\/DSC5322.jpg\" rel=\"prettyPhoto[gallery-1]\" title=\"_DSC5322\"><img src=\"http:\/\/hotelprincesakristina.com\/wp-content\/uploads\/2013\/10\/DSC5322-450x300.jpg\" alt=\"\" \/><\/a><\/dt><\/dl><dl class='gallery-item'><dt class='gallery-icon'><a href=\"http:\/\/hotelprincesakristina.com\/wp-content\/uploads\/2013\/10\/DSC5317.jpg\" rel=\"prettyPhoto[gallery-1]\" title=\"_DSC5317\"><img src=\"http:\/\/hotelprincesakristina.com\/wp-content\/uploads\/2013\/10\/DSC5317-450x300.jpg\" alt=\"\" \/><\/a><\/dt><\/dl><dl class='gallery-item'><dt class='gallery-icon'><a href=\"http:\/\/hotelprincesakristina.com\/wp-content\/uploads\/2013\/10\/DSC5315.jpg\" rel=\"prettyPhoto[gallery-1]\" title=\"_DSC5315\"><img src=\"http:\/\/hotelprincesakristina.com\/wp-content\/uploads\/2013\/10\/DSC5315-450x300.jpg\" alt=\"\" \/><\/a><\/dt><\/dl><dl class='gallery-item'><dt class='gallery-icon'><a href=\"http:\/\/hotelprincesakristina.com\/wp-content\/uploads\/2013\/10\/DSC5312.jpg\" rel=\"prettyPhoto[gallery-1]\" title=\"_DSC5312\"><img src=\"http:\/\/hotelprincesakristina.com\/wp-content\/uploads\/2013\/10\/DSC5312-450x300.jpg\" alt=\"\" \/><\/a><\/dt><\/dl><dl class='gallery-item'><dt class='gallery-icon'><a href=\"http:\/\/hotelprincesakristina.com\/wp-content\/uploads\/2013\/10\/DSC5308.jpg\" rel=\"prettyPhoto[gallery-1]\" title=\"_DSC5308\"><img src=\"http:\/\/hotelprincesakristina.com\/wp-content\/uploads\/2013\/10\/DSC5308-450x300.jpg\" alt=\"\" \/><\/a><\/dt><\/dl><dl class='gallery-item'><dt class='gallery-icon'><a href=\"http:\/\/hotelprincesakristina.com\/wp-content\/uploads\/2013\/10\/DSC5302.jpg\" rel=\"prettyPhoto[gallery-1]\" title=\"_DSC5302\"><img src=\"http:\/\/hotelprincesakristina.com\/wp-content\/uploads\/2013\/10\/DSC5302-450x300.jpg\" alt=\"\" \/><\/a><\/dt><\/dl><dl class='gallery-item'><dt class='gallery-icon'><a href=\"http:\/\/hotelprincesakristina.com\/wp-content\/uploads\/2013\/10\/DSC5299.jpg\" rel=\"prettyPhoto[gallery-1]\" title=\"_DSC5299\"><img src=\"http:\/\/hotelprincesakristina.com\/wp-content\/uploads\/2013\/10\/DSC5299-450x300.jpg\" alt=\"\" \/><\/a><\/dt><\/dl>\n\t\t\t<br style='clear: both;' \/>\n\t\t<\/div>\n\n","protected":false},"excerpt":{"rendered":"<p>El Hotel Princesa Kristina, dispone de\u00a0un gran sal\u00f3n con distintos ambientes, TV panor\u00e1mica, sala de lectura y zona comedor. El acceso al Hotel se realiza por el portal\u00f3n de entrada, amplio y luminoso, donde se ofrece al hu\u00e9sped informaci\u00f3n tur\u00edstica sobre el entorno.<\/p>\n","protected":false},"author":1,"featured_media":0,"parent":0,"menu_order":0,"comment_status":"open","ping_status":"open","template":"","meta":[],"_links":{"self":[{"href":"http:\/\/hotelprincesakristina.com\/index.php?rest_route=\/wp\/v2\/pages\/2"}],"collection":[{"href":"http:\/\/hotelprincesakristina.com\/index.php?rest_route=\/wp\/v2\/pages"}],"about":[{"href":"http:\/\/hotelprincesakristina.com\/index.php?rest_route=\/wp\/v2\/types\/page"}],"author":[{"embeddable":true,"href":"http:\/\/hotelprincesakristina.com\/index.php?rest_route=\/wp\/v2\/users\/1"}],"replies":[{"embeddable":true,"href":"http:\/\/hotelprincesakristina.com\/index.php?rest_route=%2Fwp%2Fv2%2Fcomments&post=2"}],"version-history":[{"count":4,"href":"http:\/\/hotelprincesakristina.com\/index.php?rest_route=\/wp\/v2\/pages\/2\/revisions"}],"predecessor-version":[{"id":634,"href":"http:\/\/hotelprincesakristina.com\/index.php?rest_route=\/wp\/v2\/pages\/2\/revisions\/634"}],"wp:attachment":[{"href":"http:\/\/hotelprincesakristina.com\/index.php?rest_route=%2Fwp%2Fv2%2Fmedia&parent=2"}],"curies":[{"name":"wp","href":"https:\/\/api.w.org\/{rel}","templated":true}]}}