{"id":19,"date":"2013-10-24T07:22:00","date_gmt":"2013-10-24T07:22:00","guid":{"rendered":"http:\/\/hotelprincesakristina.com\/covarrubias"},"modified":"2014-07-02T16:03:56","modified_gmt":"2014-07-02T16:03:56","slug":"covarrubias","status":"publish","type":"page","link":"http:\/\/hotelprincesakristina.com\/?page_id=19","title":{"rendered":"Covarrubias"},"content":{"rendered":"<h4>Hermosa y tradicional Villa Medieval que fue un lugar clave en las gestas medievales reflejadas en los escritos, cantares y relatos de la \u00e9poca. El\u00a0<strong>Conde Fern\u00e1n Gonz\u00e1lez<\/strong>, su hijo\u00a0<strong>Garci Fern\u00e1ndez<\/strong>, su nieta\u00a0<strong>Do\u00f1a Urraca,<\/strong>\u00a0aguerridos contrincantes como\u00a0<strong>Almanzor, Abd al-Rhaman III<\/strong>\u00a0y muchos otros, llenan las p\u00e1ginas de las cr\u00f3nicas de esta magn\u00edfica poblaci\u00f3n, centro geom\u00e9trico en la fundaci\u00f3n del\u00a0<em>Condado de Castilla<\/em>\u00a0y eje fundamental de la Reconquista.<\/h4>\n<p><a href=\"http:\/\/hotelprincesakristina.com\/wp-content\/uploads\/2013\/10\/Mad_466097913-34579_cova-vistagral001.jpg\"><img decoding=\"async\" loading=\"lazy\" class=\"alignright wp-image-253\" src=\"http:\/\/hotelprincesakristina.com\/wp-content\/uploads\/2013\/10\/Mad_466097913-34579_cova-vistagral001.jpg\" alt=\"Mad_466097913-34579_cova-vistagral001\" width=\"463\" height=\"347\" srcset=\"http:\/\/hotelprincesakristina.com\/wp-content\/uploads\/2013\/10\/Mad_466097913-34579_cova-vistagral001.jpg 960w, http:\/\/hotelprincesakristina.com\/wp-content\/uploads\/2013\/10\/Mad_466097913-34579_cova-vistagral001-300x225.jpg 300w, http:\/\/hotelprincesakristina.com\/wp-content\/uploads\/2013\/10\/Mad_466097913-34579_cova-vistagral001-100x75.jpg 100w\" sizes=\"(max-width: 463px) 100vw, 463px\" \/><\/a><\/p>\n<p>La Villa de Covarrubias, situada a orillas del r\u00edo Arlanza ha conservado tanto su fisonom\u00eda, limitada por el cauce del r\u00edo y por las laderas que la abrigan, como la arquitectura tradicional que la caracteriza, en la que destacan construcciones de adobe revocado con morteros de cal entre los que aparecen entramados de madera que aportan a los edificios solidez y belleza. Las maderas, habitualmente de enebro o sabina, se ti\u00f1en de un hermoso color oscuro y aportan a la vivienda, gran resistencia, a la vez que un ambiente c\u00e1lido y un aroma muy agradable.<\/p>\n<p>Entre las edificaciones m\u00e1s destacables se encuentran el conjunto de la\u00a0<strong>Plaza Mayor<\/strong>, con numerosas viviendas de gran belleza, el\u00a0<strong>Torre\u00f3n de Do\u00f1a Urraca<\/strong>, extraordinaria edificaci\u00f3n medieval de gran tama\u00f1o y de excepcional conservaci\u00f3n, el arco de entrada a la poblaci\u00f3n (arco de la c\u00e1rcel), y otras muchas construcciones quiz\u00e1s de menor renombre aunque no por ello de menor importancia en el conjunto arquitect\u00f3nico de la Villa.<\/p>\n<p>Hay que destacar de forma muy especial al\u00a0<strong>Monasterio de San Pedro de Arlanza<\/strong>, situado a pocos kil\u00f3metros de la Villa de Covarrubias en la carretera que discurre hacia Hortig\u00fcela. Se trata de un trascendental monumento durante los or\u00edgenes de Castilla. All\u00ed se gest\u00f3 la independencia de Castilla del Reino de Le\u00f3n.<\/p>\n\n\t\t<div id='gallery-1' class='gallery galleryid-19 gallery-columns-4 gallery-size-thumbnail'><dl class='gallery-item'><dt class='gallery-icon'><a href=\"http:\/\/hotelprincesakristina.com\/wp-content\/uploads\/2013\/10\/COVA_panorama.jpg\" rel=\"prettyPhoto[gallery-1]\" title=\"COVA_panorama\"><img src=\"http:\/\/hotelprincesakristina.com\/wp-content\/uploads\/2013\/10\/COVA_panorama-450x300.jpg\" alt=\"\" \/><\/a><\/dt><\/dl><dl class='gallery-item'><dt class='gallery-icon'><a href=\"http:\/\/hotelprincesakristina.com\/wp-content\/uploads\/2013\/10\/Mad_466097913-34579_cova-vistadesdemanto002.jpg\" rel=\"prettyPhoto[gallery-1]\" title=\"Mad_466097913-34579_cova-vistadesdemanto002\"><img src=\"http:\/\/hotelprincesakristina.com\/wp-content\/uploads\/2013\/10\/Mad_466097913-34579_cova-vistadesdemanto002-450x300.jpg\" alt=\"\" \/><\/a><\/dt><\/dl><dl class='gallery-item'><dt class='gallery-icon'><a href=\"http:\/\/hotelprincesakristina.com\/wp-content\/uploads\/2013\/10\/Mad_466097913-34081__DSC9583.jpg\" rel=\"prettyPhoto[gallery-1]\" title=\"Mad_466097913-34081__DSC9583\"><img src=\"http:\/\/hotelprincesakristina.com\/wp-content\/uploads\/2013\/10\/Mad_466097913-34081__DSC9583-450x300.jpg\" alt=\"\" \/><\/a><\/dt><\/dl><dl class='gallery-item'><dt class='gallery-icon'><a href=\"http:\/\/hotelprincesakristina.com\/wp-content\/uploads\/2013\/10\/Mad_466097913-34081__DSC9585.jpg\" rel=\"prettyPhoto[gallery-1]\" title=\"Mad_466097913-34081__DSC9585\"><img src=\"http:\/\/hotelprincesakristina.com\/wp-content\/uploads\/2013\/10\/Mad_466097913-34081__DSC9585-450x300.jpg\" alt=\"\" \/><\/a><\/dt><\/dl><dl class='gallery-item'><dt class='gallery-icon'><a href=\"http:\/\/hotelprincesakristina.com\/wp-content\/uploads\/2013\/10\/Mad_466097913-34081__DSC9567.jpg\" rel=\"prettyPhoto[gallery-1]\" title=\"Mad_466097913-34081__DSC9567\"><img src=\"http:\/\/hotelprincesakristina.com\/wp-content\/uploads\/2013\/10\/Mad_466097913-34081__DSC9567-450x300.jpg\" alt=\"\" \/><\/a><\/dt><\/dl><dl class='gallery-item'><dt class='gallery-icon'><a href=\"http:\/\/hotelprincesakristina.com\/wp-content\/uploads\/2013\/10\/Mad_466097913-34081__DSC9564.jpg\" rel=\"prettyPhoto[gallery-1]\" title=\"Mad_466097913-34081__DSC9564\"><img src=\"http:\/\/hotelprincesakristina.com\/wp-content\/uploads\/2013\/10\/Mad_466097913-34081__DSC9564-450x300.jpg\" alt=\"\" \/><\/a><\/dt><\/dl><dl class='gallery-item'><dt class='gallery-icon'><a href=\"http:\/\/hotelprincesakristina.com\/wp-content\/uploads\/2013\/10\/Mad_466097913-34081__DSC9532.jpg\" rel=\"prettyPhoto[gallery-1]\" title=\"Mad_466097913-34081__DSC9532\"><img src=\"http:\/\/hotelprincesakristina.com\/wp-content\/uploads\/2013\/10\/Mad_466097913-34081__DSC9532-450x300.jpg\" alt=\"\" \/><\/a><\/dt><\/dl><dl class='gallery-item'><dt class='gallery-icon'><a href=\"http:\/\/hotelprincesakristina.com\/wp-content\/uploads\/2013\/10\/Mad_466097913-34081__DSC9535.jpg\" rel=\"prettyPhoto[gallery-1]\" title=\"Mad_466097913-34081__DSC9535\"><img src=\"http:\/\/hotelprincesakristina.com\/wp-content\/uploads\/2013\/10\/Mad_466097913-34081__DSC9535-450x300.jpg\" alt=\"\" \/><\/a><\/dt><\/dl><dl class='gallery-item'><dt class='gallery-icon'><a href=\"http:\/\/hotelprincesakristina.com\/wp-content\/uploads\/2013\/10\/Mad_466097913-34081__DSC9554.jpg\" rel=\"prettyPhoto[gallery-1]\" title=\"Mad_466097913-34081__DSC9554\"><img src=\"http:\/\/hotelprincesakristina.com\/wp-content\/uploads\/2013\/10\/Mad_466097913-34081__DSC9554-450x300.jpg\" alt=\"\" \/><\/a><\/dt><\/dl><dl class='gallery-item'><dt class='gallery-icon'><a href=\"http:\/\/hotelprincesakristina.com\/wp-content\/uploads\/2013\/10\/Mad_466097913-34081__DSC9529.jpg\" rel=\"prettyPhoto[gallery-1]\" title=\"Mad_466097913-34081__DSC9529\"><img src=\"http:\/\/hotelprincesakristina.com\/wp-content\/uploads\/2013\/10\/Mad_466097913-34081__DSC9529-450x300.jpg\" alt=\"\" \/><\/a><\/dt><\/dl><dl class='gallery-item'><dt class='gallery-icon'><a href=\"http:\/\/hotelprincesakristina.com\/wp-content\/uploads\/2013\/10\/Mad_466097913-34081__DSC9522.jpg\" rel=\"prettyPhoto[gallery-1]\" title=\"Mad_466097913-34081__DSC9522\"><img src=\"http:\/\/hotelprincesakristina.com\/wp-content\/uploads\/2013\/10\/Mad_466097913-34081__DSC9522-450x300.jpg\" alt=\"\" \/><\/a><\/dt><\/dl><dl class='gallery-item'><dt class='gallery-icon'><a href=\"http:\/\/hotelprincesakristina.com\/wp-content\/uploads\/2013\/10\/Mad_466097913-34081__DSC9520.jpg\" rel=\"prettyPhoto[gallery-1]\" title=\"Mad_466097913-34081__DSC9520\"><img src=\"http:\/\/hotelprincesakristina.com\/wp-content\/uploads\/2013\/10\/Mad_466097913-34081__DSC9520-450x300.jpg\" alt=\"\" \/><\/a><\/dt><\/dl><dl class='gallery-item'><dt class='gallery-icon'><a href=\"http:\/\/hotelprincesakristina.com\/wp-content\/uploads\/2013\/10\/COVA_estrellas.jpg\" rel=\"prettyPhoto[gallery-1]\" title=\"COVA_estrellas\"><img src=\"http:\/\/hotelprincesakristina.com\/wp-content\/uploads\/2013\/10\/COVA_estrellas-450x300.jpg\" alt=\"\" \/><\/a><\/dt><\/dl><dl class='gallery-item'><dt class='gallery-icon'><a href=\"http:\/\/hotelprincesakristina.com\/wp-content\/uploads\/2013\/10\/COVA_plaza.jpg\" rel=\"prettyPhoto[gallery-1]\" title=\"COVA_plaza\"><img src=\"http:\/\/hotelprincesakristina.com\/wp-content\/uploads\/2013\/10\/COVA_plaza-450x300.jpg\" alt=\"\" \/><\/a><\/dt><\/dl><dl class='gallery-item'><dt class='gallery-icon'><a href=\"http:\/\/hotelprincesakristina.com\/wp-content\/uploads\/2013\/10\/COVA_arco.jpg\" rel=\"prettyPhoto[gallery-1]\" title=\"COVA_arco\"><img src=\"http:\/\/hotelprincesakristina.com\/wp-content\/uploads\/2013\/10\/COVA_arco-450x300.jpg\" alt=\"\" \/><\/a><\/dt><\/dl><dl class='gallery-item'><dt class='gallery-icon'><a href=\"http:\/\/hotelprincesakristina.com\/wp-content\/uploads\/2013\/10\/COVA_noche.jpg\" rel=\"prettyPhoto[gallery-1]\" title=\"COVA_noche\"><img src=\"http:\/\/hotelprincesakristina.com\/wp-content\/uploads\/2013\/10\/COVA_noche-450x300.jpg\" alt=\"\" \/><\/a><\/dt><\/dl><dl class='gallery-item'><dt class='gallery-icon'><a href=\"http:\/\/hotelprincesakristina.com\/wp-content\/uploads\/2013\/10\/COVA_flores.jpg\" rel=\"prettyPhoto[gallery-1]\" title=\"COVA_flores\"><img src=\"http:\/\/hotelprincesakristina.com\/wp-content\/uploads\/2013\/10\/COVA_flores-450x300.jpg\" alt=\"\" \/><\/a><\/dt><\/dl><dl class='gallery-item'><dt class='gallery-icon'><a href=\"http:\/\/hotelprincesakristina.com\/wp-content\/uploads\/2013\/10\/COVA_ermita_mamblas.jpg\" rel=\"prettyPhoto[gallery-1]\" title=\"COVA_ermita_mamblas\"><img src=\"http:\/\/hotelprincesakristina.com\/wp-content\/uploads\/2013\/10\/COVA_ermita_mamblas-450x300.jpg\" alt=\"\" \/><\/a><\/dt><\/dl><dl class='gallery-item'><dt class='gallery-icon'><a href=\"http:\/\/hotelprincesakristina.com\/wp-content\/uploads\/2013\/10\/COVA_vencejo.jpg\" rel=\"prettyPhoto[gallery-1]\" title=\"COVA_vencejo\"><img src=\"http:\/\/hotelprincesakristina.com\/wp-content\/uploads\/2013\/10\/COVA_vencejo-450x300.jpg\" alt=\"\" \/><\/a><\/dt><\/dl><dl class='gallery-item'><dt class='gallery-icon'><a href=\"http:\/\/hotelprincesakristina.com\/wp-content\/uploads\/2013\/10\/COVA_castillejo.jpg\" rel=\"prettyPhoto[gallery-1]\" title=\"COVA_castillejo\"><img src=\"http:\/\/hotelprincesakristina.com\/wp-content\/uploads\/2013\/10\/COVA_castillejo-450x300.jpg\" alt=\"\" \/><\/a><\/dt><\/dl>\n\t\t\t<br style='clear: both;' \/>\n\t\t<\/div>\n\n","protected":false},"excerpt":{"rendered":"<p>Hermosa y tradicional Villa Medieval que fue un lugar clave en las gestas medievales reflejadas en los escritos, cantares y relatos de la \u00e9poca. El\u00a0Conde Fern\u00e1n Gonz\u00e1lez, su hijo\u00a0Garci Fern\u00e1ndez, su nieta\u00a0Do\u00f1a Urraca,\u00a0aguerridos contrincantes como\u00a0Almanzor, Abd al-Rhaman III\u00a0y muchos otros, llenan las p\u00e1ginas de las cr\u00f3nicas de esta magn\u00edfica poblaci\u00f3n, centro geom\u00e9trico en la fundaci\u00f3n<\/p>\n","protected":false},"author":1,"featured_media":0,"parent":0,"menu_order":0,"comment_status":"open","ping_status":"open","template":"page-templates\/template-full-width.php","meta":[],"_links":{"self":[{"href":"http:\/\/hotelprincesakristina.com\/index.php?rest_route=\/wp\/v2\/pages\/19"}],"collection":[{"href":"http:\/\/hotelprincesakristina.com\/index.php?rest_route=\/wp\/v2\/pages"}],"about":[{"href":"http:\/\/hotelprincesakristina.com\/index.php?rest_route=\/wp\/v2\/types\/page"}],"author":[{"embeddable":true,"href":"http:\/\/hotelprincesakristina.com\/index.php?rest_route=\/wp\/v2\/users\/1"}],"replies":[{"embeddable":true,"href":"http:\/\/hotelprincesakristina.com\/index.php?rest_route=%2Fwp%2Fv2%2Fcomments&post=19"}],"version-history":[{"count":5,"href":"http:\/\/hotelprincesakristina.com\/index.php?rest_route=\/wp\/v2\/pages\/19\/revisions"}],"predecessor-version":[{"id":304,"href":"http:\/\/hotelprincesakristina.com\/index.php?rest_route=\/wp\/v2\/pages\/19\/revisions\/304"}],"wp:attachment":[{"href":"http:\/\/hotelprincesakristina.com\/index.php?rest_route=%2Fwp%2Fv2%2Fmedia&parent=19"}],"curies":[{"name":"wp","href":"https:\/\/api.w.org\/{rel}","templated":true}]}}